{"id":541,"date":"2018-11-27T09:17:08","date_gmt":"2018-11-27T06:17:08","guid":{"rendered":"http:\/\/orpackambalaj.com\/?page_id=541"},"modified":"2023-11-01T14:26:15","modified_gmt":"2023-11-01T11:26:15","slug":"hakkimizda","status":"publish","type":"page","link":"https:\/\/orpackambalaj.com\/?page_id=541","title":{"rendered":"Hakk\u0131m\u0131zda"},"content":{"rendered":"\t\t<div data-elementor-type=\"wp-post\" data-elementor-id=\"541\" class=\"elementor elementor-541\">\n\t\t\t\t\t\t\t\t\t<section class=\"elementor-section elementor-top-section elementor-element elementor-element-0323a00 elementor-section-boxed elementor-section-height-default elementor-section-height-default\" data-id=\"0323a00\" data-element_type=\"section\">\n\t\t\t\t\t\t<div class=\"elementor-container elementor-column-gap-default\">\n\t\t\t\t\t<div class=\"elementor-column elementor-col-100 elementor-top-column elementor-element elementor-element-cae7000\" data-id=\"cae7000\" data-element_type=\"column\">\n\t\t\t<div class=\"elementor-widget-wrap elementor-element-populated\">\n\t\t\t\t\t\t\t\t<div class=\"elementor-element elementor-element-4c08d31 elementor-widget-divider--view-line elementor-widget elementor-widget-divider\" data-id=\"4c08d31\" data-element_type=\"widget\" data-widget_type=\"divider.default\">\n\t\t\t\t<div class=\"elementor-widget-container\">\n\t\t\t<style>\/*! elementor - v3.17.0 - 08-11-2023 *\/\n.elementor-widget-divider{--divider-border-style:none;--divider-border-width:1px;--divider-color:#0c0d0e;--divider-icon-size:20px;--divider-element-spacing:10px;--divider-pattern-height:24px;--divider-pattern-size:20px;--divider-pattern-url:none;--divider-pattern-repeat:repeat-x}.elementor-widget-divider .elementor-divider{display:flex}.elementor-widget-divider .elementor-divider__text{font-size:15px;line-height:1;max-width:95%}.elementor-widget-divider .elementor-divider__element{margin:0 var(--divider-element-spacing);flex-shrink:0}.elementor-widget-divider .elementor-icon{font-size:var(--divider-icon-size)}.elementor-widget-divider .elementor-divider-separator{display:flex;margin:0;direction:ltr}.elementor-widget-divider--view-line_icon .elementor-divider-separator,.elementor-widget-divider--view-line_text .elementor-divider-separator{align-items:center}.elementor-widget-divider--view-line_icon .elementor-divider-separator:after,.elementor-widget-divider--view-line_icon .elementor-divider-separator:before,.elementor-widget-divider--view-line_text .elementor-divider-separator:after,.elementor-widget-divider--view-line_text .elementor-divider-separator:before{display:block;content:\"\";border-bottom:0;flex-grow:1;border-top:var(--divider-border-width) var(--divider-border-style) var(--divider-color)}.elementor-widget-divider--element-align-left .elementor-divider .elementor-divider-separator>.elementor-divider__svg:first-of-type{flex-grow:0;flex-shrink:100}.elementor-widget-divider--element-align-left .elementor-divider-separator:before{content:none}.elementor-widget-divider--element-align-left .elementor-divider__element{margin-left:0}.elementor-widget-divider--element-align-right .elementor-divider .elementor-divider-separator>.elementor-divider__svg:last-of-type{flex-grow:0;flex-shrink:100}.elementor-widget-divider--element-align-right .elementor-divider-separator:after{content:none}.elementor-widget-divider--element-align-right .elementor-divider__element{margin-right:0}.elementor-widget-divider:not(.elementor-widget-divider--view-line_text):not(.elementor-widget-divider--view-line_icon) .elementor-divider-separator{border-top:var(--divider-border-width) var(--divider-border-style) var(--divider-color)}.elementor-widget-divider--separator-type-pattern{--divider-border-style:none}.elementor-widget-divider--separator-type-pattern.elementor-widget-divider--view-line .elementor-divider-separator,.elementor-widget-divider--separator-type-pattern:not(.elementor-widget-divider--view-line) .elementor-divider-separator:after,.elementor-widget-divider--separator-type-pattern:not(.elementor-widget-divider--view-line) .elementor-divider-separator:before,.elementor-widget-divider--separator-type-pattern:not([class*=elementor-widget-divider--view]) .elementor-divider-separator{width:100%;min-height:var(--divider-pattern-height);-webkit-mask-size:var(--divider-pattern-size) 100%;mask-size:var(--divider-pattern-size) 100%;-webkit-mask-repeat:var(--divider-pattern-repeat);mask-repeat:var(--divider-pattern-repeat);background-color:var(--divider-color);-webkit-mask-image:var(--divider-pattern-url);mask-image:var(--divider-pattern-url)}.elementor-widget-divider--no-spacing{--divider-pattern-size:auto}.elementor-widget-divider--bg-round{--divider-pattern-repeat:round}.rtl .elementor-widget-divider .elementor-divider__text{direction:rtl}.e-con-inner>.elementor-widget-divider,.e-con>.elementor-widget-divider{width:var(--container-widget-width,100%);--flex-grow:var(--container-widget-flex-grow)}<\/style>\t\t<div class=\"elementor-divider\">\n\t\t\t<span class=\"elementor-divider-separator\">\n\t\t\t\t\t\t<\/span>\n\t\t<\/div>\n\t\t\t\t<\/div>\n\t\t\t\t<\/div>\n\t\t\t\t\t<\/div>\n\t\t<\/div>\n\t\t\t\t\t\t\t<\/div>\n\t\t<\/section>\n\t\t\t\t<section class=\"elementor-section elementor-top-section elementor-element elementor-element-b792bc4 elementor-section-boxed elementor-section-height-default elementor-section-height-default\" data-id=\"b792bc4\" data-element_type=\"section\">\n\t\t\t\t\t\t\t<div class=\"elementor-background-overlay\"><\/div>\n\t\t\t\t\t\t\t<div class=\"elementor-container elementor-column-gap-default\">\n\t\t\t\t\t<div class=\"elementor-column elementor-col-100 elementor-top-column elementor-element elementor-element-9c35b46\" data-id=\"9c35b46\" data-element_type=\"column\">\n\t\t\t<div class=\"elementor-widget-wrap elementor-element-populated\">\n\t\t\t\t\t\t\t\t<div class=\"elementor-element elementor-element-12befe7 elementor-widget__width-initial elementor-widget elementor-widget-heading\" data-id=\"12befe7\" data-element_type=\"widget\" data-widget_type=\"heading.default\">\n\t\t\t\t<div class=\"elementor-widget-container\">\n\t\t\t<style>\/*! elementor - v3.17.0 - 08-11-2023 *\/\n.elementor-heading-title{padding:0;margin:0;line-height:1}.elementor-widget-heading .elementor-heading-title[class*=elementor-size-]>a{color:inherit;font-size:inherit;line-height:inherit}.elementor-widget-heading .elementor-heading-title.elementor-size-small{font-size:15px}.elementor-widget-heading .elementor-heading-title.elementor-size-medium{font-size:19px}.elementor-widget-heading .elementor-heading-title.elementor-size-large{font-size:29px}.elementor-widget-heading .elementor-heading-title.elementor-size-xl{font-size:39px}.elementor-widget-heading .elementor-heading-title.elementor-size-xxl{font-size:59px}<\/style><h3 class=\"elementor-heading-title elementor-size-default\"><br><br><p style=\"color: rgb(0, 0, 0); font-family: Arial, Helvetica, sans-serif; font-size: 18px; font-style: normal; font-weight: 700; text-align: center; text-transform: none; white-space: normal;\">1991 Y\u0131l\u0131nda Ordu\u2019da yay\u0131n hayat\u0131na ba\u015flayan Ordu Olay Gazetesi\u2019nin bask\u0131 tesisleri olarak matbaac\u0131l\u0131k sekt\u00f6r\u00fcnde girdi\u011fimiz bu yolculu\u011fa, 2004 y\u0131l\u0131nda ald\u0131\u011f\u0131m\u0131z ofset bask\u0131 makinas\u0131 ve bask\u0131 sonras\u0131 laminasyon ve kesim makinalar\u0131 ile ofset kutu \u00fcreterek devam ettik.<\/p><p style=\"color: rgb(0, 0, 0); font-family: Arial, Helvetica, sans-serif; font-size: 18px; font-style: normal; font-weight: 700; text-align: center; text-transform: none; white-space: normal;\">M\u00fc\u015fterilerimizin taleplerini kar\u015f\u0131lamak, de\u011fi\u015fen ve geli\u015fen ambalaj ihtiyac\u0131n\u0131 da g\u00f6z \u00f6n\u00fcnde bulundurarak 2016 y\u0131l\u0131nda oluklu mukavva sekt\u00f6r\u00fcnde hizmet vermeye ba\u015flad\u0131k. Makina park\u0131m\u0131za katt\u0131\u011f\u0131m\u0131z, flekso bask\u0131, s\u0131vama ve kal\u0131p kesim makinalar\u0131m\u0131z ile \u00f6zellikle g\u0131da sekt\u00f6r\u00fcnde tercih edilen bir marka haline geldik.<\/p><p style=\"color: rgb(0, 0, 0); font-family: Arial, Helvetica, sans-serif; font-size: 18px; font-style: normal; font-weight: 700; text-align: center; text-transform: none; white-space: normal;\">Son olarak 2023 y\u0131l\u0131 ba\u015f\u0131 itibariyle ambalaj sekt\u00f6r\u00fcnde sahip oldu\u011fumuz tecr\u00fcbe ile birlikte d\u0131\u015f koli imalat\u0131na ba\u015flad\u0131k. Makina park\u0131m\u0131za ekledi\u011fimiz modern teknolojiye sahip inline koli \u00fcretim makinas\u0131 ile birlikte b\u00fct\u00fcn faliyetlerimizi Orpack Ambalaj \u00e7at\u0131s\u0131 alt\u0131nda birle\u015ftirdik.<\/p><p style=\"color: rgb(0, 0, 0); font-family: Arial, Helvetica, sans-serif; font-size: 18px; font-style: normal; font-weight: 700; text-align: center; text-transform: none; white-space: normal;\">Orpack Ambalaj, \u00d6zel Grup b\u00fcnyesine yeni kat\u0131lan bir marka olarak, Ordu\u2019nun Alt\u0131nordu \u0130l\u00e7esi Organize Sanayi B\u00f6lgesi\u2019nde bulunmaktad\u0131r ve Ordu Olay Gazetecilik Matbaac\u0131l\u0131k Ambalaj Tic. Ltd. \u015eti. \u00e7at\u0131s\u0131 alt\u0131nda faliyetlerini s\u00fcrd\u00fcrmektedir.<span style=\"color: rgb(50, 130, 204); font-family: Poppins, sans-serif; font-size: 1.5rem; font-style: inherit; white-space: pre-wrap; background-color: var(--ast-global-color-4);\"><\/span><\/p><\/h3>\t\t<\/div>\n\t\t\t\t<\/div>\n\t\t\t\t\t<\/div>\n\t\t<\/div>\n\t\t\t\t\t\t\t<\/div>\n\t\t<\/section>\n\t\t\t\t<section class=\"elementor-section elementor-top-section elementor-element elementor-element-372c55e elementor-section-boxed elementor-section-height-default elementor-section-height-default\" data-id=\"372c55e\" data-element_type=\"section\">\n\t\t\t\t\t\t<div class=\"elementor-container elementor-column-gap-default\">\n\t\t\t\t\t<div class=\"elementor-column elementor-col-100 elementor-top-column elementor-element elementor-element-738d2ec\" data-id=\"738d2ec\" data-element_type=\"column\">\n\t\t\t<div class=\"elementor-widget-wrap elementor-element-populated\">\n\t\t\t\t\t\t\t\t<div class=\"elementor-element elementor-element-5d47ba3 elementor-widget elementor-widget-image\" data-id=\"5d47ba3\" data-element_type=\"widget\" data-widget_type=\"image.default\">\n\t\t\t\t<div class=\"elementor-widget-container\">\n\t\t\t<style>\/*! elementor - v3.17.0 - 08-11-2023 *\/\n.elementor-widget-image{text-align:center}.elementor-widget-image a{display:inline-block}.elementor-widget-image a img[src$=\".svg\"]{width:48px}.elementor-widget-image img{vertical-align:middle;display:inline-block}<\/style>\t\t\t\t\t\t\t\t\t\t\t\t<img loading=\"lazy\" decoding=\"async\" width=\"768\" height=\"153\" src=\"https:\/\/orpackambalaj.com\/wp-content\/uploads\/2023\/10\/122-01-768x153.png\" class=\"attachment-medium_large size-medium_large wp-image-732\" alt=\"\" srcset=\"https:\/\/orpackambalaj.com\/wp-content\/uploads\/2023\/10\/122-01-768x153.png 768w, https:\/\/orpackambalaj.com\/wp-content\/uploads\/2023\/10\/122-01-300x60.png 300w, https:\/\/orpackambalaj.com\/wp-content\/uploads\/2023\/10\/122-01-1024x204.png 1024w, https:\/\/orpackambalaj.com\/wp-content\/uploads\/2023\/10\/122-01-1536x306.png 1536w, https:\/\/orpackambalaj.com\/wp-content\/uploads\/2023\/10\/122-01-2048x409.png 2048w\" sizes=\"(max-width: 768px) 100vw, 768px\" \/>\t\t\t\t\t\t\t\t\t\t\t\t\t\t\t<\/div>\n\t\t\t\t<\/div>\n\t\t\t\t\t<\/div>\n\t\t<\/div>\n\t\t\t\t\t\t\t<\/div>\n\t\t<\/section>\n\t\t\t\t\t\t\t<\/div>\n\t\t","protected":false},"excerpt":{"rendered":"<p>1991 Y\u0131l\u0131nda Ordu\u2019da yay\u0131n hayat\u0131na ba\u015flayan Ordu Olay Gazetesi\u2019nin bask\u0131 tesisleri olarak matbaac\u0131l\u0131k sekt\u00f6r\u00fcnde girdi\u011fimiz bu yolculu\u011fa, 2004 y\u0131l\u0131nda ald\u0131\u011f\u0131m\u0131z ofset bask\u0131 makinas\u0131 ve bask\u0131 sonras\u0131 laminasyon ve kesim makinalar\u0131 ile ofset kutu \u00fcreterek devam ettik. M\u00fc\u015fterilerimizin taleplerini kar\u015f\u0131lamak, de\u011fi\u015fen ve geli\u015fen ambalaj ihtiyac\u0131n\u0131 da g\u00f6z \u00f6n\u00fcnde bulundurarak 2016 y\u0131l\u0131nda oluklu mukavva sekt\u00f6r\u00fcnde hizmet vermeye &hellip;<\/p>\n<p class=\"read-more\"> <a class=\"\" href=\"https:\/\/orpackambalaj.com\/?page_id=541\"> <span class=\"screen-reader-text\">Hakk\u0131m\u0131zda<\/span> Devam\u0131 &raquo;<\/a><\/p>\n","protected":false},"author":1,"featured_media":0,"parent":0,"menu_order":0,"comment_status":"closed","ping_status":"closed","template":"","meta":{"_uag_custom_page_level_css":"","site-sidebar-layout":"no-sidebar","site-content-layout":"page-builder","ast-site-content-layout":"full-width-container","site-content-style":"unboxed","site-sidebar-style":"unboxed","ast-global-header-display":"","ast-banner-title-visibility":"","ast-main-header-display":"","ast-hfb-above-header-display":"","ast-hfb-below-header-display":"","ast-hfb-mobile-header-display":"","site-post-title":"disabled","ast-breadcrumbs-content":"","ast-featured-img":"disabled","footer-sml-layout":"","theme-transparent-header-meta":"enabled","adv-header-id-meta":"","stick-header-meta":"","header-above-stick-meta":"","header-main-stick-meta":"","header-below-stick-meta":"","astra-migrate-meta-layouts":"set","ast-page-background-enabled":"default","ast-page-background-meta":{"desktop":{"background-color":"","background-image":"","background-repeat":"repeat","background-position":"center center","background-size":"auto","background-attachment":"scroll","background-type":"","background-media":"","overlay-type":"","overlay-color":"","overlay-gradient":""},"tablet":{"background-color":"","background-image":"","background-repeat":"repeat","background-position":"center center","background-size":"auto","background-attachment":"scroll","background-type":"","background-media":"","overlay-type":"","overlay-color":"","overlay-gradient":""},"mobile":{"background-color":"","background-image":"","background-repeat":"repeat","background-position":"center center","background-size":"auto","background-attachment":"scroll","background-type":"","background-media":"","overlay-type":"","overlay-color":"","overlay-gradient":""}},"ast-content-background-meta":{"desktop":{"background-color":"var(--ast-global-color-5)","background-image":"","background-repeat":"repeat","background-position":"center center","background-size":"auto","background-attachment":"scroll","background-type":"","background-media":"","overlay-type":"","overlay-color":"","overlay-gradient":""},"tablet":{"background-color":"var(--ast-global-color-5)","background-image":"","background-repeat":"repeat","background-position":"center center","background-size":"auto","background-attachment":"scroll","background-type":"","background-media":"","overlay-type":"","overlay-color":"","overlay-gradient":""},"mobile":{"background-color":"var(--ast-global-color-5)","background-image":"","background-repeat":"repeat","background-position":"center center","background-size":"auto","background-attachment":"scroll","background-type":"","background-media":"","overlay-type":"","overlay-color":"","overlay-gradient":""}},"footnotes":""},"uagb_featured_image_src":{"full":false,"thumbnail":false,"medium":false,"medium_large":false,"large":false,"1536x1536":false,"2048x2048":false},"uagb_author_info":{"display_name":"orpackambalaj.com","author_link":"https:\/\/orpackambalaj.com\/?author=1"},"uagb_comment_info":0,"uagb_excerpt":"1991 Y\u0131l\u0131nda Ordu\u2019da yay\u0131n hayat\u0131na ba\u015flayan Ordu Olay Gazetesi\u2019nin bask\u0131 tesisleri olarak matbaac\u0131l\u0131k sekt\u00f6r\u00fcnde girdi\u011fimiz bu yolculu\u011fa, 2004 y\u0131l\u0131nda ald\u0131\u011f\u0131m\u0131z ofset bask\u0131 makinas\u0131 ve bask\u0131 sonras\u0131 laminasyon ve kesim makinalar\u0131 ile ofset kutu \u00fcreterek devam ettik. M\u00fc\u015fterilerimizin taleplerini kar\u015f\u0131lamak, de\u011fi\u015fen ve geli\u015fen ambalaj ihtiyac\u0131n\u0131 da g\u00f6z \u00f6n\u00fcnde bulundurarak 2016 y\u0131l\u0131nda oluklu mukavva sekt\u00f6r\u00fcnde hizmet vermeye&hellip;","_links":{"self":[{"href":"https:\/\/orpackambalaj.com\/index.php?rest_route=\/wp\/v2\/pages\/541"}],"collection":[{"href":"https:\/\/orpackambalaj.com\/index.php?rest_route=\/wp\/v2\/pages"}],"about":[{"href":"https:\/\/orpackambalaj.com\/index.php?rest_route=\/wp\/v2\/types\/page"}],"author":[{"embeddable":true,"href":"https:\/\/orpackambalaj.com\/index.php?rest_route=\/wp\/v2\/users\/1"}],"replies":[{"embeddable":true,"href":"https:\/\/orpackambalaj.com\/index.php?rest_route=%2Fwp%2Fv2%2Fcomments&post=541"}],"version-history":[{"count":24,"href":"https:\/\/orpackambalaj.com\/index.php?rest_route=\/wp\/v2\/pages\/541\/revisions"}],"predecessor-version":[{"id":757,"href":"https:\/\/orpackambalaj.com\/index.php?rest_route=\/wp\/v2\/pages\/541\/revisions\/757"}],"wp:attachment":[{"href":"https:\/\/orpackambalaj.com\/index.php?rest_route=%2Fwp%2Fv2%2Fmedia&parent=541"}],"curies":[{"name":"wp","href":"https:\/\/api.w.org\/{rel}","templated":true}]}}